{"id":1172,"date":"2016-12-16T11:03:55","date_gmt":"2016-12-16T11:03:55","guid":{"rendered":"http:\/\/demo.ovathemes.com\/imevent\/?page_id=1172"},"modified":"2019-07-03T16:21:53","modified_gmt":"2019-07-03T14:21:53","slug":"aviso-legal-y-privacidad","status":"publish","type":"page","link":"https:\/\/tradeshowfactory.com.mx\/2020\/aviso-legal-y-privacidad\/","title":{"rendered":"Aviso Legal y Privacidad"},"content":{"rendered":"<p><strong>Actualizado: Junio\/2015<\/strong><\/p>\n<p align=\"justify\">A continuaci\u00f3n s\u00edrvase leer la pol\u00edtica de privacidad de <strong>TRADE SHOW FACTORY S.A. DE C.V.<\/strong> con domicilio en Priv. Santiago Tapia Pte. #2244 Col. Monterrey Centro, Monterrey Nuevo Le\u00f3n 64000, para los sitios web de nuestras exposiciones y evento. Esta pol\u00edtica describe el uso potencial de los datos en todos los sitios web propiedad de nuestra empresa. Es posible que ciertas partes de los sitios hagan mucho menor uso de los datos del que hemos descrito en esta pol\u00edtica. S\u00edrvase notar que Trade Show Factory mantiene las mismas pr\u00e1cticas de privacidad descritas en esta pol\u00edtica para los datos que recopilamos fuera de l\u00ednea (off-line). En consecuencia, cuando a continuaci\u00f3n mencionamos a los \u00abusuarios\u00bb de los sitios Web tambi\u00e9n nos referimos a los individuos de quienes compilamos datos fuera de l\u00ednea. Esta pol\u00edtica le permite conocer c\u00f3mo recopilamos los datos, el motivo por el cual los recopilamos y cu\u00e1les son las opciones que usted tiene con respecto a su uso.<\/p>\n<p align=\"justify\"><strong>USO DE LOS DATOS RECOPILADOS<\/strong><\/p>\n<p align=\"justify\">Trade Show Factory recoge informaci\u00f3n sobre los usuarios para los siguientes fines:<\/p>\n<ul>\n<li>Para realizar comunicaciones y difusi\u00f3n de sus productos, servicios y eventos.<\/li>\n<li>Se pueden recopilar y almacenar el nombre, la direcci\u00f3n, el correo electr\u00f3nico, tel\u00e9fono. La mayor\u00eda de los datos recopilados en esta categor\u00eda constituye informaci\u00f3n para contactos de promoci\u00f3n y comerciales.<\/li>\n<\/ul>\n<p align=\"justify\">De igual forma los expositores de las exposiciones puede recopilar y almacenar datos del visitante como: nombre, direcci\u00f3n, correo electr\u00f3nico y tel\u00e9fono de los visitantes a la exposici\u00f3n mediante el escaneo del gafete entregado al visitante para el acceso a la exposici\u00f3n; para posteriormente contactarle de forma directa con fines de promoci\u00f3n o comerciales.<\/p>\n<p align=\"justify\">Los datos pueden ser recopilados para ayudar a crear el contenido del sitio Web y el proceso de navegaci\u00f3n m\u00e1s relevantes y simples para el usuario. Esto incluye datos recogidos durante la navegaci\u00f3n por el sitio, as\u00ed como datos provistos en formularios.<br \/>\nPara responder a preguntas y pedidos de informaci\u00f3n de los usuarios. Estos datos incluyen inscripciones para recibir boletines de noticias y pedidos espec\u00edficos de mayor informaci\u00f3n.<br \/>\nPara adaptar mejor la mercadotecnia a las necesidades de los usuarios. Podemos usar informaci\u00f3n proveniente de la navegaci\u00f3n realizada en el sitio web o redes sociales del evento para suministrarle notificaciones oportunas y pertinentes sobre lanzamientos de productos y nuevos servicios relacionados con sus necesidades y requisitos.<br \/>\nPara suministrar informaci\u00f3n sobre eventos educacionales o productos relevantes de la empresa TRADE SHOW FACTORY, S.A. de C.V., organizadora del evento.<\/p>\n<p align=\"justify\">Para impulsar ventas o promociones de productos conjuntas. Trade Show Factory y sus expositores pueden realizar eventos o proveer productos conjuntos. Tales promociones siempre har\u00e1n referencia a los socios involucrados. Tanto Trade Show Factory como lo(s) socio(s) tendr\u00e1n acceso a dicha informaci\u00f3n. Recomendamos revisar las pol\u00edticas de privacidad de estos socios para hacer frente a sus necesidades e inquietudes espec\u00edficas.<\/p>\n<p>Informaci\u00f3n tomada de la funci\u00f3n de \u00abderivaci\u00f3n\u00bb\/ \u00abcu\u00e9ntele a un amigo\u00bb. Si un usuario decide utilizar nuestros servicios de derivaci\u00f3n para informar a un amigo sobre nuestro sitio, les pedimos el nombre y la direcci\u00f3n de correo electr\u00f3nico del amigo.<\/p>\n<p align=\"justify\">Como resultado de su inscripci\u00f3n para\/presencia en un congreso o evento de Trade Show Factory. Aquellos clientes actuales o usuarios inscritos que se inscriben para un congreso o evento, pueden ser contactados antes del evento para ver si se les puede ofrecer alguna reuni\u00f3n, demostraci\u00f3n especial u otro servicio.<br \/>\nEste contacto es adicional a cualquier contacto que sea necesario para confirmar el pago o suministrar informaci\u00f3n log\u00edstica y actualizaciones relacionadas con el congreso.<br \/>\nAdem\u00e1s, quienes asisten a tales eventos pueden tambi\u00e9n ser contactados despu\u00e9s del evento para ver si necesitan cualquier informaci\u00f3n adicional o para realizar el seguimiento adecuado ya sea a trav\u00e9s de Trade Show Factory o de las empresas expositoras y\/o patrocinadoras de los eventos propiedad de Trade Show Factory. Esta informaci\u00f3n s\u00f3lo ser\u00e1 utilizada por Trade Show Factory, los socios\/expositores designados o los patrocinadores del congreso y no ser\u00e1 divulgada a terceros.<\/p>\n<p align=\"justify\">Como resultado de requisitos legales . Es posible que Trade Show Factory se vea obligado a suministrar informaci\u00f3n para cumplir con los informes y declaraciones legalmente obligatorios y otros requisitos procesales reglamentarios.<\/p>\n<p align=\"justify\"><strong>Al aceptar los t\u00e9rminos y condiciones de su registro a cualquiera de los eventos de Trade Show Factory, usted acepta recibir informaci\u00f3n por correo postal, electr\u00f3nico o telef\u00f3nico, de todo lo anteriormente mencionado en el presente documento.<\/strong><\/p>\n<p><strong>Medios para revocaci\u00f3n o modificaciones de Datos: <\/strong><br \/>\nEnviar Mail a <span id=\"cloak96835\"><span id=\"cloak9329fec06ae92ce8a6fb05b70b1e75ae\"><a href=\"mailto:informes@tsfactory.com.mx\">informes@tsfactory.com.mx<\/a><\/span><\/span> o opt-out en el pie del email que reciba.<br \/>\nPlazo de modificaci\u00f3n: 48hs. D\u00edas H\u00e1biles<br \/>\nCosto de la gesti\u00f3n: Gratuita<br \/>\nTel\u00e9fono: (Mty) 81.8333.4400 (horario de 09:00 a 18:00 hrs. De lunes a viernes)<br \/>\nProcedimiento de informaci\u00f3n de estatus: Mail desde <span id=\"cloak61264\"><span id=\"cloak70474e1a1d34916e7aa8a67ba0bd026d\"><a href=\"mailto:informes@tsfactory.com.mx\">informes@tsfactory.com.mx<\/a><\/span><\/span> o mensaje de resoluci\u00f3n en la liga del opt-out.<br \/>\nProcedimiento de Informaci\u00f3n de Cambio de privacidad: Mail desde <span id=\"cloak54680\"><span id=\"cloakb2808ddefbeb63a03141dd271cb13dcc\"><a href=\"mailto:informes@tsfactory.com.mx\">informes@tsfactory.com.mx<\/a><\/span><\/span><\/p>\n<p><strong>MECANISMO:<\/strong><\/p>\n<ul>\n<li>EMAIL ASOCIADO A SU CUENTA mail a: <span id=\"cloak45909\"><span id=\"cloakf672b81290e0a1bdd4e99805f3c0143a\"><a href=\"mailto:informes@tsfactory.com.mx\">informes@tsfactory.com.mx<\/a><\/span><\/span><\/li>\n<li>Autom\u00e1ticamente eliminaremos todos sus datos siempre y cuando no tenga ninguna denuncia o traba legal reportada o adeudo con <a href=\"http:\/\/www.tradeshowfactory.com.mx\/\" target=\"_blank\" rel=\"noopener noreferrer\">TRADE SHOW FACTORY, S.A. de C.V.<\/a><\/li>\n<li>Si presentara un adeudo con trade show factory, s.a. de c.v., denuncia legal ante rbn, idbn, i.f.a.i., organismo que regule spam o con nosotros, se le notificara por mail la improcedencia de su solicitud.<\/li>\n<li>Cuando su solicitud es procesada se le enviara un email con la confirmacion de la eliminacion total de los datos de gestion que haya enviado, de nuestras bases.<\/li>\n<\/ul>\n<p align=\"justify\"><strong>CON LA ACEPTACI\u00d3N DEL PRESENTE AVISO DE PRIVACIDAD, USTED DECLARA NO ESTAR INSCRIPTO EN EL REGISTRO PUBLICO DE CONSUMIDORES DE LA PROFECO Y POR LO TANTO ACEPTA CUALQUIER INTERACCI\u00d3N DE TRADE SHOW FACTORY, S.A. DE C.V. CON FINES COMERCIALES DE SUS PRODUCTOS CON USTED.<\/strong><\/p>\n<p>Otros medios de recopilaci\u00f3n de datos:<\/p>\n<p><strong>FUENTES DIRECTAS<\/strong><\/p>\n<ul>\n<li>Altas de servicio \u2013 Clientes<\/li>\n<li>EMITIR FACTURA DE ACUERDO AL SERVICIO QUE HAYA CONTRATADO<\/li>\n<li>ENVIARLE NUESTRO BOLETIN INFORMATIVO Y PUBLICIDAD DE NUESTROS PRODUCTOS RELACIONADOS DE SU INTER\u00c9S<\/li>\n<li>DEJAR A DISPOSICION LEGAL LOS MISMO SI FUERAN REQUERIDOS POR ALGUN ORGANISMO LEGAL FEDERAL EN LAS CUENTAS QUE REALIZAN ENVIOS DE PUBLICIDAD DESDE NUESTROS SERVIDORES.<\/li>\n<\/ul>\n<p align=\"justify\">CON TRADE SHOW FACTORY, S.A. DE C.V.<br \/>\nCONSECUENCIA AL NO CONTAR CON ESTA INFORMACI\u00d3N:<br \/>\n* NO PODREMOS EMITIR LA FACTURA DEL SERVICIO CONTRATADO CON NOSOTROS<br \/>\n* NO RECIBIRIA INFORMACI\u00d3N Y PROMOCIONES DE NUESTROS PRODUCTOS Y SERVICIOS<\/p>\n<p align=\"justify\"><strong>RECTIFICACI\u00d3N DE SUS DATOS<br \/>\n<\/strong>Puede solicitarlo a la direcci\u00f3n electr\u00f3nica <span id=\"cloak31026\"><span id=\"cloak912abf8a0548792eec96618a0a699ec6\"><a href=\"mailto:informes@tsfactory.com.mx\">informes@tsfactory.com.mx<\/a><\/span><\/span> , para mayor informaci\u00f3n puede comunicarse con el numero 81.8333.4400.<\/p>\n<p><strong>ARTICULO 16 IDENTIFICADOR H: COMUNICACI\u00d3N DE CAMBIOS DE AVISO DE PRIVACIDAD<\/strong><\/p>\n<ul>\n<li>Nos reservamos el derecho de actualizar o modificar total o parcialmente esta declaraci\u00f3n de aviso de privacidad, con la atenci\u00f3n de novedades legislativas o jurisprudenciales, pol\u00edticas internas, nuevos requerimientos para la prestaci\u00f3n u ofrecimientos de nuestros servicios o productos y pr\u00e1cticas de mercado.<\/li>\n<li>Cuando se actualice, tambi\u00e9n se cambiar\u00e1 la fecha de \u00ab\u00faltima actualizaci\u00f3n\u00bb de la parte superior de la declaraci\u00f3n de privacidad.<\/li>\n<li>Estas Actualizaciones estar\u00e1n disponibles al p\u00fablico a trav\u00e9s del sitio web de Trade Show Factory <a href=\"http:\/\/www.tradeshowfactory.com.mx\/\">www.tradeshowfactory.com.mx<\/a><\/li>\n<li>Le animamos a revisar peri\u00f3dicamente esta declaraci\u00f3n de privacidad para estar informado acerca de c\u00f3mo protegemos la informaci\u00f3n que recopilamos. Su uso continuado del servicio constituye su aceptaci\u00f3n de esta declaraci\u00f3n de privacidad y de cualquier actualizaci\u00f3n.<\/li>\n<li>Usted acepta todo lo mencionado en el presente, quedando nosotros al pendiente de cualquier modificaci\u00f3n que usted requiera mientras tratemos sus datos. Trade Show Factory, S.A. de C.V. como empresa brinda toda la informaci\u00f3n acorde a las reglamentaciones vigentes en M\u00e9xico de acuerdo a LFPDP, seg\u00fan la I.F.A.I. que es el ente que la regula, no siendo responsable por contrato de lo que sus clientes realicen con los productos contratados.<\/li>\n<\/ul>\n<p><strong>\u00bfQu\u00e9 son las \u00abcookies\u00bb?<br \/>\n<\/strong>Las \u00abcookies\u00bb (tambi\u00e9n conocidas como cookies HTTP, web cookies o cookies de b\u00fasqueda) son elementos de informaci\u00f3n que un sitio web instala en su dispositivo cuando lo visita. Las cookies pueden implicar la transmisi\u00f3n de informaci\u00f3n, ya sea entre usted y nosotros, entre usted y un tercero designado por nosotros o bien entre usted y un tercero de acuerdo con su propia pol\u00edtica de confidencialidad.<\/p>\n<p>Las p\u00e1ginas web que administra Trade Show Factory utilizan cookies para mejorar su experiencia como usuario. En muchos casos, las cookies son esenciales para determinadas caracter\u00edsticas de una p\u00e1gina.<\/p>\n<p>Por ejemplo, utilizamos cookies para:<\/p>\n<ul>\n<li>Recordar sus preferencias, b\u00fasquedas y favoritos como usuario.<\/li>\n<li>Identificar la sesi\u00f3n, acceder a partes de acceso restringido o compartir contenidos a trav\u00e9s de redes sociales.<\/li>\n<li>Determinar el uso que hace de alguna p\u00e1gina mediante Google Analytics\u00a9.<\/li>\n<li>Determinar el \u00e9xito de nuestras campa\u00f1as de marketing.<\/li>\n<\/ul>\n<p>Las cookies no suponen un peligro ni para usted ni para su ordenador. Ni contienen virus, ni instalan programas inform\u00e1ticos peligrosos, ni da\u00f1an su ordenador de forma alguna. Las p\u00e1ginas web Trade Show Factory utilizan cookies para recopilar informaci\u00f3n codificada y as\u00ed mejorar su experiencia como usuario, sin embargo, esta informaci\u00f3n no incluye sus datos personales. No utilizamos cookies para almacenar informaci\u00f3n personal como nombres, direcciones o informaci\u00f3n de contacto.<\/p>\n<p>A pesar de todo, si desea inhabilitar o eliminar las cookies, dir\u00edjase a la secci\u00f3n de \u00abAyuda\u00bb de su buscador o dispositivo m\u00f3vil. Cada buscador o dispositivo gestiona las cookies de manera distinta, de modo que necesitar\u00e1 remitirse a la documentaci\u00f3n pertinente de la secci\u00f3n \u00abAyuda\u00bb. No obstante, como ya hemos mencionado, tenga en cuenta que las cookies son esenciales para que determinadas caracter\u00edsticas de una p\u00e1gina web Trade Show Factory funcionen correctamente.<\/p>\n<p><strong>\u00bfPor qu\u00e9 le decimos todo esto?<\/strong><br \/>\nLa informaci\u00f3n que aqu\u00ed le proporcionamos sobre el uso de las cookies en las p\u00e1ginas web Trade Show Factory es prueba de nuestro cumplimiento con la legislaci\u00f3n vigente relativa a las cookies. Asimismo, pretendemos que, como usuario estimado de una p\u00e1gina web Trade Show Factory, comprenda, de manera \u00edntegra, su privacidad y el modo en que las cookies le afectan y se sienta completamente c\u00f3modo al utilizar una p\u00e1gina web Trade Show Factory.<\/p>\n<p>Confiamos en que esta informaci\u00f3n responda a las dudas que se le hayan podido plantear con respecto a su privacidad y seguridad en el uso de las cookies. No obstante, si a\u00fan tiene preguntas sin responder, no dude en ponerse en contacto con nosotros en el correo:<span id=\"cloak13892\"><span id=\"cloak7d39d807eb5c860be0bf968b68f0d319\"><a href=\"mailto:webmaster@tsfactory.com.mx\">webmaster@tsfactory.com.mx<\/a><\/span><\/span> .<\/p>\n<p><strong>\u00bfQu\u00e9 tipo de cookies utilizamos y por qu\u00e9?<br \/>\n<\/strong>A continuaci\u00f3n, le mostramos una lista completa de las cookies que se utilizan en todas las p\u00e1ginas web Trade Show Factory.<\/p>\n<table>\n<tbody>\n<tr>\n<th>Nombre<\/th>\n<th>Propietario<\/th>\n<th>Duraci\u00f3n<\/th>\n<th>Finalidad<\/th>\n<\/tr>\n<tr>\n<td>__utma<\/td>\n<td>Google Analytics<\/td>\n<td>2 a\u00f1os<\/td>\n<td>Google Analytics\u00a9 es otra soluci\u00f3n anal\u00edtica, la cual nos proporciona informaci\u00f3n sobre su actividad en una p\u00e1gina web Trade Show Factory. Al igual que WebAbacus\u00a9, nos ayuda a entender qu\u00e9 funciona en la p\u00e1gina y c\u00f3mo adaptarla a sus necesidades de la mejor manera. Esta cookie se utiliza para identificar a los nuevos usuarios de una p\u00e1gina web Trade Show Factory. Se actualiza con cada visita a la p\u00e1gina.<\/td>\n<\/tr>\n<tr>\n<td>_utmb<\/td>\n<td>Google Analytics<\/td>\n<td>30 minutos<\/td>\n<td>Esta es otra cookie de Google.Analytics\u00a9. Se utiliza para establecer una sesi\u00f3n de usuario con una una p\u00e1gina web Trade Show Factory.<\/td>\n<\/tr>\n<tr>\n<td>_utmc<\/td>\n<td>Google Analytics<\/td>\n<td>Ninguno<\/td>\n<td>Esta es otra cookie de Google.Analytics\u00a9. Determina si se ha creado una nueva sesi\u00f3n o no.<\/td>\n<\/tr>\n<tr>\n<td>_utmz<\/td>\n<td>Google Analytics<\/td>\n<td>6 meses<\/td>\n<td>Esta es otra cookie de Google.Analytics\u00a9. Se utiliza para identificar c\u00f3mo lleg\u00f3 a la p\u00e1gina web, ya sea de forma directa, mediante un hiperv\u00ednculo, una b\u00fasqueda de p\u00e1ginas web o campa\u00f1as, tales como un anuncio o un correo electr\u00f3nico. Esta cookie se utiliza para calcular el tr\u00e1fico del motor de b\u00fasqueda, las campa\u00f1as publicitarias y la navegaci\u00f3n por la p\u00e1gina web. Se actualiza con cada visita a la p\u00e1gina.<\/td>\n<\/tr>\n<\/tbody>\n<\/table>\n<p align=\"justify\">La pagina de Trade Show Factory utiliza la herramienta de anal\u00edtica web <a href=\"https:\/\/www.google.com\/analytics\/learn\/privacy.html\">Google Analytics<\/a> un servicio prestado por Google, Inc., una compa\u00f1\u00eda de Delaware cuya oficina principal est\u00e1 en 1600 Amphitheatre Parkway, Mountain View (California), CA 94043, Estados Unidos. Google Analytics utiliza cookies, para ayudar a la P\u00e1gina a analizar el uso que hacen los usuarios.<br \/>\nLa informaci\u00f3n que genera la cookie acerca de su uso de la P\u00e1gina (incluyendo su direcci\u00f3n IP) ser\u00e1 directamente transmitida y archivada por Google en los servidores de Estados Unidos. Google usar\u00e1 esta informaci\u00f3n por cuenta nuestra con el prop\u00f3sito de seguir la pista de su uso, recopilando informes de la actividad de la P\u00e1gina y el uso de Internet. Google podr\u00e1 transmitir dicha informaci\u00f3n a terceros cuando as\u00ed se lo requiera la legislaci\u00f3n, o cuando dichos terceros procesen la informaci\u00f3n por cuenta de Google. Google no asociar\u00e1 su direcci\u00f3n IP con ning\u00fan otro dato del que disponga Google. Puede rechazar el tratamiento de los datos o la informaci\u00f3n rechazando el uso de cookies mediante la selecci\u00f3n de la configuraci\u00f3n apropiada de su navegador, sin embargo, debe saber que si lo hace puede ser que no pueda usar la plena INFORMACI\u00d3N SOBRE EL USO DE COOKIES (<a href=\"https:\/\/www.google.com\/analytics\/learn\/privacy.html\">Google Analytics<\/a>) A A\u00d1ADIR EN LA funcionalidad de la P\u00e1gina, tal y como se ha indicado anteriormente. Adem\u00e1s de rechazar cookies, tambi\u00e9n puede instalar en su navegador el complemento de inhabilitaci\u00f3n de Google Analytics, que evita que Google Analytics recopile informaci\u00f3n sobre visitas a p\u00e1ginas web.<\/p>\n<p>Google Analytics emplea principalmente cookies de origen para realizar informes sobre las interacciones de los usuarios en su sitio web. Estas cookies se utilizan para almacenar informaci\u00f3n de identificaci\u00f3n no personal. Los navegadores no comparten cookies de origen a trav\u00e9s de distintos dominios.<\/p>\n<p>En el caso de los clientes que utilizan la funci\u00f3n de Google Analytics para anunciantes de la Red de Display, la cookie de terceros de DoubleClick se utiliza para habilitar funciones, como, por ejemplo, el remarketing de productos como AdWords en la Red de Display de Google. Para obtener m\u00e1s informaci\u00f3n acerca de esta cookie, consulte las Preguntas frecuentes sobre la privacidad publicitaria de Google. En la p\u00e1gina Preferencias de anuncios se puede configurar esta cookie e inhabilitar esta funci\u00f3n.<\/p>\n<p>Los clientes que han habilitado el m\u00e9todo de la colecci\u00f3n ga.js a trav\u00e9s de Universal Analytics pueden controlar si quieren establecer una cookie. Si el cliente decide establecer una cookie, la informaci\u00f3n almacenada en la cookie local de origen se reduce a un identificador aleatorio (por ejemplo, 12345.67890).<\/p>\n<p><strong>\u00bfC\u00f3mo administrar, permitir, bloquear o eliminar las cookies instaladas en mi navegador de internet?<\/strong><br \/>\nA continuaci\u00f3n te indicamos los links de los principales navegadores y dispositivos para que dispongas de toda la informaci\u00f3n para consultar c\u00f3mo gestionar las cookies en tu navegador.<\/p>\n<ul>\n<li>Internet Explorer\u2122: <a href=\"http:\/\/support.microsoft.com\/kb\/196955\/es\" target=\"_blank\" rel=\"noopener noreferrer\">IE5<\/a>, <a href=\"http:\/\/support.microsoft.com\/kb\/283185\/es\" target=\"_blank\" rel=\"noopener noreferrer\">IE6<\/a>, <a href=\"http:\/\/windows.microsoft.com\/es-ES\/windows-vista\/Block-or-allow-cookies\" target=\"_blank\" rel=\"noopener noreferrer\">IE7\/IE8<\/a>, <a href=\"http:\/\/windows.microsoft.com\/es-ES\/windows7\/How-to-manage-cookies-in-Internet-Explorer-9\" target=\"_blank\" rel=\"noopener noreferrer\">IE9<\/a><\/li>\n<li>Safari\u2122: <a href=\"http:\/\/support.apple.com\/kb\/HT1677?viewlocale=es_ES\" target=\"_blank\" rel=\"noopener noreferrer\">Safari (iOS)<\/a>, <a href=\"http:\/\/www.apple.com\/es\/privacy\/use-of-cookies\/\" target=\"_blank\" rel=\"noopener noreferrer\">Safari<\/a><\/li>\n<li>Google\u2122: <a href=\"https:\/\/support.google.com\/chrome\/answer\/95647?hl=es&amp;hlrm=en\" target=\"_blank\" rel=\"noopener noreferrer\">Chrome<\/a><\/li>\n<li>Firefox\u2122: <a href=\"http:\/\/support.mozilla.org\/es\/kb\/cookies-informacion-que-los-sitios-web-guardan-en-?redirectlocale=en-US&amp;redirectslug=Cookies\" target=\"_blank\" rel=\"noopener noreferrer\">FF<\/a><\/li>\n<li>Opera\u2122: <a href=\"http:\/\/help.opera.com\/Windows\/11.50\/es-ES\/cookies.html\" target=\"_blank\" rel=\"noopener noreferrer\">Opera<\/a><\/li>\n<li>Android\u2122: <a href=\"http:\/\/support.google.com\/android\/?hl=es\" target=\"_blank\" rel=\"noopener noreferrer\">Android<\/a><\/li>\n<li>Windows Phone\u2122: <a href=\"http:\/\/www.windowsphone.com\/es-ES\/how-to\/wp7\/web\/changing-privacy-and-other-browser-settings\" target=\"_blank\" rel=\"noopener noreferrer\">WP<\/a><\/li>\n<li>Blackberry\u2122: <a href=\"http:\/\/docs.blackberry.com\/en\/smartphone_users\/deliverables\/18578\/Turn_off_cookies_in_the_browser_60_1072866_11.jsp\" target=\"_blank\" rel=\"noopener noreferrer\">Android<\/a><\/li>\n<\/ul>\n<p align=\"justify\"><strong>AL SEGUIR UTILIZANDO NUESTRA P\u00c1GINA WEB, CONFIRMA ESTAR DE ACUERDO CON LAS CONDICIONES DE LA POL\u00cdTICA REFERENTE A LAS COOKIES Y AL USO QUE DE ELLAS HACEMOS, TAL CUAL SE DESCRIBE EN DICHA POL\u00cdTICA.<\/strong><\/p>\n","protected":false},"excerpt":{"rendered":"<p>Actualizado: Junio\/2015 A continuaci\u00f3n s\u00edrvase leer la pol\u00edtica de privacidad de TRADE SHOW FACTORY S.A. DE C.V. con domicilio en Priv. Santiago Tapia Pte. #2244 Col. Monterrey Centro, Monterrey Nuevo Le\u00f3n 64000, para los sitios web de nuestras exposiciones y evento. Esta<\/p>\n","protected":false},"author":1,"featured_media":0,"parent":0,"menu_order":0,"comment_status":"closed","ping_status":"closed","template":"","meta":{"footnotes":""},"_links":{"self":[{"href":"https:\/\/tradeshowfactory.com.mx\/2020\/wp-json\/wp\/v2\/pages\/1172"}],"collection":[{"href":"https:\/\/tradeshowfactory.com.mx\/2020\/wp-json\/wp\/v2\/pages"}],"about":[{"href":"https:\/\/tradeshowfactory.com.mx\/2020\/wp-json\/wp\/v2\/types\/page"}],"author":[{"embeddable":true,"href":"https:\/\/tradeshowfactory.com.mx\/2020\/wp-json\/wp\/v2\/users\/1"}],"replies":[{"embeddable":true,"href":"https:\/\/tradeshowfactory.com.mx\/2020\/wp-json\/wp\/v2\/comments?post=1172"}],"version-history":[{"count":2,"href":"https:\/\/tradeshowfactory.com.mx\/2020\/wp-json\/wp\/v2\/pages\/1172\/revisions"}],"predecessor-version":[{"id":1483,"href":"https:\/\/tradeshowfactory.com.mx\/2020\/wp-json\/wp\/v2\/pages\/1172\/revisions\/1483"}],"wp:attachment":[{"href":"https:\/\/tradeshowfactory.com.mx\/2020\/wp-json\/wp\/v2\/media?parent=1172"}],"curies":[{"name":"wp","href":"https:\/\/api.w.org\/{rel}","templated":true}]}}